{"id":841,"date":"2025-10-02T17:06:00","date_gmt":"2025-10-02T15:06:00","guid":{"rendered":"https:\/\/www.ajinomoto-frozenfoods.eu\/nos-temoignages\/"},"modified":"2025-10-14T15:54:50","modified_gmt":"2025-10-14T13:54:50","slug":"nos-temoignages","status":"publish","type":"page","link":"https:\/\/www.ajinomoto-frozenfoods.eu\/en\/nos-temoignages\/","title":{"rendered":"Nos t\u00e9moignages"},"content":{"rendered":"\n\n<section class=\"block-hero block-hero-2 block-hero-2-ajinomoto\"\n        >\n                        <div class=\"breadcrumb\">\n            <div class=\"container-full\">\n                <ul class=\"breadcrumb-list\">\n                    <li class=\"breadcrumb-list_item\">\n                        <a href=\"https:\/\/www.ajinomoto-frozenfoods.eu\/en\/\">Accueil<\/a>\n                    <\/li>\n                                            <li class=\"breadcrumb-list_item\"><\/li>\n                                    <\/ul>\n            <\/div>\n        <\/div>\n    \n        <div class=\"block-hero-2-ajinomoto_content\">\n        <div class=\"container-full\">\n            <div class=\"grid\">\n                <div class=\"grid_content\">\n                                <h1 class=\"title title-hero\">Nos collaborateurs t\u00e9moignent<\/h1>\n    \n                                                                <div class=\"action\">\n                                    \n        \n                \n    <a href=\"#\"\n       class=\"btn btn-white has-icon has-icon--right external\"\n       target=\"_blank\"            rel=\"nofollow noopener\"            aria-label=\"Voir nos offres\"                >\n        <span class=\"btn_title\">Voir nos offres<\/span>\n        \n                    <span class=\"btn_icon\">\n                                    <svg width=\"12\" height=\"12\" viewBox=\"0 0 12 12\" fill=\"none\" xmlns=\"http:\/\/www.w3.org\/2000\/svg\">\n                        <path d=\"M0.5 0V11H11.5\" stroke=\"white\"\/>\n                        <path d=\"M10.5 1.5C10.5 1.22386 10.2761 1 10 1H5.5C5.22386 1 5 1.22386 5 1.5C5 1.77614 5.22386 2 5.5 2H9.5V6C9.5 6.27614 9.72386 6.5 10 6.5C10.2761 6.5 10.5 6.27614 10.5 6V1.5ZM0.5 11L0.853553 11.3536L10.3536 1.85355L10 1.5L9.64645 1.14645L0.146447 10.6464L0.5 11Z\" fill=\"white\"\/>\n                    <\/svg>\n                            <\/span>\n            <\/a>\n\n                        <\/div>\n                                    <\/div>\n                <div class=\"grid_image\">\n                        \n                <\/div>\n            <\/div>\n        <\/div>\n    <\/div>\n<\/section>\n\n\n\n\n<section class=\"block-posts block-all-posts-1 block-all-testimonials-ajinomoto\"\n         data-ajax-template=\"testimonials\"\n         data-per-page=\"9\">\n    <div class=\"container\">\n        <div class=\"grid\">\n                            <div class=\"grid_title\">\n                                                                                    \n                                \n        <h2 class=\"title title-section\">Nos t\u00e9moignages<\/h2>\n    \n                <\/div>\n                        <div class=\"grid_posts subgrid js-posts-container\">\n                \n            <article class=\"testimonial-item post-item\">\n                    <div class=\"post-item_thumb\">\n                                                            <img decoding=\"async\" src=\"https:\/\/www.ajinomoto-frozenfoods.eu\/wp-content\/uploads\/2025\/10\/logo-ajinomoto-testimonials-demo-3.webp\"\n                             alt=\"Logo Ajinomoto Testimonials Demo 3\">\n                                                <\/div>\n                <div class=\"post-item_content\">\n            <div class=\"post-item_content-excerpt\">Lorem ipsum dolor sit amet, consectetur adipiscing elit. Ut pretium ipsum eu libero ultrices luctus. Phasellus vitae consequat risus. <a href=\"https:\/\/www.ajinomoto-frozenfoods.eu\/en\/testimonial\/nom-prenom-3\/\" class=\"read-more\">Read More<\/a><\/div>\n            <h3 class=\"post-item_content-title\">\n                                    Nom Pr\u00e9nom 3\n                            <\/h3>\n                            <div class=\"job\">Poste<\/div>\n                                <\/div>\n    <\/article>\n\n            <article class=\"testimonial-item post-item\">\n                    <div class=\"post-item_thumb\">\n                                                            <img decoding=\"async\" src=\"https:\/\/www.ajinomoto-frozenfoods.eu\/wp-content\/uploads\/2025\/10\/logo-ajinomoto-testimonials-demo-1.webp\"\n                             alt=\"Logo Ajinomoto Testimonials Demo 1\">\n                                                <\/div>\n                <div class=\"post-item_content\">\n            <div class=\"post-item_content-excerpt\">Lorem ipsum dolor sit amet, consectetur adipiscing elit. Ut pretium ipsum eu libero ultrices luctus. Phasellus vitae consequat risus. <a href=\"https:\/\/www.ajinomoto-frozenfoods.eu\/en\/testimonial\/nom-prenom-2\/\" class=\"read-more\">Read More<\/a><\/div>\n            <h3 class=\"post-item_content-title\">\n                                    Nom Pr\u00e9nom 2\n                            <\/h3>\n                            <div class=\"job\">Poste<\/div>\n                                <\/div>\n    <\/article>\n\n            <article class=\"testimonial-item post-item\">\n                    <div class=\"post-item_thumb\">\n                                    <button type=\"button\"\n                            class=\"thumb-link js-card-play\"\n                            aria-label=\"Lire la vid\u00e9o\">\n                        <img decoding=\"async\" src=\"https:\/\/www.ajinomoto-frozenfoods.eu\/wp-content\/uploads\/2025\/10\/logo-ajinomoto-testimonials-demo-2.webp\" alt=\"Logo Ajinomoto Testimonials Demo 2\">\n                        <span class=\"play-badge\" aria-hidden=\"true\">\n                            <svg width=\"57\" height=\"57\" viewBox=\"0 0 57 57\" fill=\"none\" xmlns=\"http:\/\/www.w3.org\/2000\/svg\">\n                                <path class=\"play-circle\"\n                                      d=\"M28.5 56C43.6878 56 56 43.6878 56 28.5C56 13.3122 43.6878 1 28.5 1C13.3122 1 1 13.3122 1 28.5C1 43.6878 13.3122 56 28.5 56Z\"\n                                      stroke=\"white\" stroke-linecap=\"round\" stroke-linejoin=\"round\"\/>\n                                <path class=\"play-triangle\"\n                                      d=\"M23 21.6786C23 19.8916 24.9915 18.8258 26.4783 19.817L36.7077 26.6366C38.036 27.5222 38.036 29.4741 36.7077 30.3597L26.4783 37.1793C24.9915 38.1705 23 37.1046 23 35.3177V21.6786Z\"\n                                      fill=\"white\"\/>\n                            <\/svg>\n                        <\/span>\n                    <\/button>\n                    <div class=\"card-player is-hidden\">\n                                                    <div class=\"plyr-player\">\n                                <iframe loading=\"lazy\" class=\"plyr\" allow=\"autoplay\" title=\"D\u00e9couvrez le groupe Ajinomoto\" width=\"500\" height=\"281\" src=\"https:\/\/www.youtube.com\/embed\/5gBU4hJ8YX4?feature=oembed\" frameborder=\"0\" allow=\"accelerometer; autoplay; clipboard-write; encrypted-media; gyroscope; picture-in-picture; web-share\" referrerpolicy=\"strict-origin-when-cross-origin\" allowfullscreen><\/iframe>\n                            <\/div>\n                                            <\/div>\n                            <\/div>\n                <div class=\"post-item_content\">\n            <div class=\"post-item_content-excerpt\">Lorem ipsum dolor sit amet, consectetur adipiscing elit. Ut pretium ipsum eu libero ultrices luctus. Phasellus vitae consequat risus. <a href=\"https:\/\/www.ajinomoto-frozenfoods.eu\/en\/testimonial\/nom-prenom-1\/\" class=\"read-more\">Read More<\/a><\/div>\n            <h3 class=\"post-item_content-title\">\n                                    <a href=\"https:\/\/www.ajinomoto-frozenfoods.eu\/en\/testimonial\/nom-prenom-1\/\">Nom Pr\u00e9nom 1<\/a>\n                            <\/h3>\n                            <div class=\"job\">Poste<\/div>\n                                        <div class=\"post-item_content-action\">\n                                                \n        \n                \n    <a href=\"https:\/\/www.ajinomoto-frozenfoods.eu\/en\/testimonial\/nom-prenom-1\/\"\n       class=\"btn btn-primary\"\n       target=\"_self\"                        aria-label=\"D\u00e9couvrir le t\u00e9moignage\"                >\n        <span class=\"btn_title\">D\u00e9couvrir le t\u00e9moignage<\/span>\n        \n            <\/a>\n\n                <\/div>\n                    <\/div>\n    <\/article>\n\n\n            <\/div>\n        <\/div>\n    <\/div>\n<\/section>","protected":false},"excerpt":{"rendered":"","protected":false},"author":1,"featured_media":742,"parent":0,"menu_order":0,"comment_status":"closed","ping_status":"closed","template":"","meta":{"_acf_changed":false,"footnotes":""},"class_list":["post-841","page","type-page","status-publish","has-post-thumbnail","hentry"],"acf":[],"yoast_head":"<!-- This site is optimized with the Yoast SEO plugin v27.5 - https:\/\/yoast.com\/product\/yoast-seo-wordpress\/ -->\n<title>Nos t\u00e9moignages - Ajinomoto Frozen Foods Europe<\/title>\n<meta name=\"robots\" content=\"index, follow, max-snippet:-1, max-image-preview:large, max-video-preview:-1\" \/>\n<link rel=\"canonical\" href=\"https:\/\/www.ajinomoto-frozenfoods.eu\/nos-temoignages\/\" \/>\n<meta property=\"og:locale\" content=\"en_US\" \/>\n<meta property=\"og:type\" content=\"article\" \/>\n<meta property=\"og:title\" content=\"Nos t\u00e9moignages - Ajinomoto Frozen Foods Europe\" \/>\n<meta property=\"og:url\" content=\"https:\/\/www.ajinomoto-frozenfoods.eu\/nos-temoignages\/\" \/>\n<meta property=\"og:site_name\" content=\"Ajinomoto Frozen Foods Europe\" \/>\n<meta property=\"article:modified_time\" content=\"2025-10-14T13:54:50+00:00\" \/>\n<meta property=\"og:image\" content=\"https:\/\/www.ajinomoto-frozenfoods.eu\/wp-content\/uploads\/2025\/09\/img-ajinomoto-hero-2-about.webp\" \/>\n\t<meta property=\"og:image:width\" content=\"2505\" \/>\n\t<meta property=\"og:image:height\" content=\"1600\" \/>\n\t<meta property=\"og:image:type\" content=\"image\/webp\" \/>\n<meta name=\"twitter:card\" content=\"summary_large_image\" \/>\n<script type=\"application\/ld+json\" class=\"yoast-schema-graph\">{\"@context\":\"https:\\\/\\\/schema.org\",\"@graph\":[{\"@type\":\"WebPage\",\"@id\":\"https:\\\/\\\/www.ajinomoto-frozenfoods.eu\\\/nos-temoignages\\\/\",\"url\":\"https:\\\/\\\/www.ajinomoto-frozenfoods.eu\\\/nos-temoignages\\\/\",\"name\":\"Nos t\u00e9moignages - Ajinomoto Frozen Foods Europe\",\"isPartOf\":{\"@id\":\"https:\\\/\\\/www.ajinomoto-frozenfoods.eu\\\/#website\"},\"primaryImageOfPage\":{\"@id\":\"https:\\\/\\\/www.ajinomoto-frozenfoods.eu\\\/nos-temoignages\\\/#primaryimage\"},\"image\":{\"@id\":\"https:\\\/\\\/www.ajinomoto-frozenfoods.eu\\\/nos-temoignages\\\/#primaryimage\"},\"thumbnailUrl\":\"https:\\\/\\\/www.ajinomoto-frozenfoods.eu\\\/wp-content\\\/uploads\\\/2025\\\/09\\\/img-ajinomoto-hero-2-about.webp\",\"datePublished\":\"2025-10-02T15:06:00+00:00\",\"dateModified\":\"2025-10-14T13:54:50+00:00\",\"breadcrumb\":{\"@id\":\"https:\\\/\\\/www.ajinomoto-frozenfoods.eu\\\/nos-temoignages\\\/#breadcrumb\"},\"inLanguage\":\"en-US\",\"potentialAction\":[{\"@type\":\"ReadAction\",\"target\":[\"https:\\\/\\\/www.ajinomoto-frozenfoods.eu\\\/nos-temoignages\\\/\"]}]},{\"@type\":\"ImageObject\",\"inLanguage\":\"en-US\",\"@id\":\"https:\\\/\\\/www.ajinomoto-frozenfoods.eu\\\/nos-temoignages\\\/#primaryimage\",\"url\":\"https:\\\/\\\/www.ajinomoto-frozenfoods.eu\\\/wp-content\\\/uploads\\\/2025\\\/09\\\/img-ajinomoto-hero-2-about.webp\",\"contentUrl\":\"https:\\\/\\\/www.ajinomoto-frozenfoods.eu\\\/wp-content\\\/uploads\\\/2025\\\/09\\\/img-ajinomoto-hero-2-about.webp\",\"width\":2505,\"height\":1600,\"caption\":\"Img Ajinomoto Hero 2 About\"},{\"@type\":\"WebSite\",\"@id\":\"https:\\\/\\\/www.ajinomoto-frozenfoods.eu\\\/#website\",\"url\":\"https:\\\/\\\/www.ajinomoto-frozenfoods.eu\\\/\",\"name\":\"Ajinomoto Frozen\",\"description\":\"Des sp\u00e9cialit\u00e9s surgel\u00e9es uniques des gastronomies fran\u00e7aise et japonaise\",\"publisher\":{\"@id\":\"https:\\\/\\\/www.ajinomoto-frozenfoods.eu\\\/#organization\"},\"potentialAction\":[{\"@type\":\"SearchAction\",\"target\":{\"@type\":\"EntryPoint\",\"urlTemplate\":\"https:\\\/\\\/www.ajinomoto-frozenfoods.eu\\\/?s={search_term_string}\"},\"query-input\":{\"@type\":\"PropertyValueSpecification\",\"valueRequired\":true,\"valueName\":\"search_term_string\"}}],\"inLanguage\":\"en-US\"},{\"@type\":\"Organization\",\"@id\":\"https:\\\/\\\/www.ajinomoto-frozenfoods.eu\\\/#organization\",\"name\":\"Ajinomoto Frozen\",\"url\":\"https:\\\/\\\/www.ajinomoto-frozenfoods.eu\\\/\",\"logo\":{\"@type\":\"ImageObject\",\"inLanguage\":\"en-US\",\"@id\":\"https:\\\/\\\/www.ajinomoto-frozenfoods.eu\\\/#\\\/schema\\\/logo\\\/image\\\/\",\"url\":\"https:\\\/\\\/www.ajinomoto-frozenfoods.eu\\\/wp-content\\\/uploads\\\/2025\\\/10\\\/logo-ajinomoto-full.svg\",\"contentUrl\":\"https:\\\/\\\/www.ajinomoto-frozenfoods.eu\\\/wp-content\\\/uploads\\\/2025\\\/10\\\/logo-ajinomoto-full.svg\",\"width\":1,\"height\":1,\"caption\":\"Ajinomoto Frozen\"},\"image\":{\"@id\":\"https:\\\/\\\/www.ajinomoto-frozenfoods.eu\\\/#\\\/schema\\\/logo\\\/image\\\/\"}}]}<\/script>\n<!-- \/ Yoast SEO plugin. -->","yoast_head_json":{"title":"Nos t\u00e9moignages - Ajinomoto Frozen Foods Europe","robots":{"index":"index","follow":"follow","max-snippet":"max-snippet:-1","max-image-preview":"max-image-preview:large","max-video-preview":"max-video-preview:-1"},"canonical":"https:\/\/www.ajinomoto-frozenfoods.eu\/nos-temoignages\/","og_locale":"en_US","og_type":"article","og_title":"Nos t\u00e9moignages - Ajinomoto Frozen Foods Europe","og_url":"https:\/\/www.ajinomoto-frozenfoods.eu\/nos-temoignages\/","og_site_name":"Ajinomoto Frozen Foods Europe","article_modified_time":"2025-10-14T13:54:50+00:00","og_image":[{"width":2505,"height":1600,"url":"https:\/\/www.ajinomoto-frozenfoods.eu\/wp-content\/uploads\/2025\/09\/img-ajinomoto-hero-2-about.webp","type":"image\/webp"}],"twitter_card":"summary_large_image","schema":{"@context":"https:\/\/schema.org","@graph":[{"@type":"WebPage","@id":"https:\/\/www.ajinomoto-frozenfoods.eu\/nos-temoignages\/","url":"https:\/\/www.ajinomoto-frozenfoods.eu\/nos-temoignages\/","name":"Nos t\u00e9moignages - Ajinomoto Frozen Foods Europe","isPartOf":{"@id":"https:\/\/www.ajinomoto-frozenfoods.eu\/#website"},"primaryImageOfPage":{"@id":"https:\/\/www.ajinomoto-frozenfoods.eu\/nos-temoignages\/#primaryimage"},"image":{"@id":"https:\/\/www.ajinomoto-frozenfoods.eu\/nos-temoignages\/#primaryimage"},"thumbnailUrl":"https:\/\/www.ajinomoto-frozenfoods.eu\/wp-content\/uploads\/2025\/09\/img-ajinomoto-hero-2-about.webp","datePublished":"2025-10-02T15:06:00+00:00","dateModified":"2025-10-14T13:54:50+00:00","breadcrumb":{"@id":"https:\/\/www.ajinomoto-frozenfoods.eu\/nos-temoignages\/#breadcrumb"},"inLanguage":"en-US","potentialAction":[{"@type":"ReadAction","target":["https:\/\/www.ajinomoto-frozenfoods.eu\/nos-temoignages\/"]}]},{"@type":"ImageObject","inLanguage":"en-US","@id":"https:\/\/www.ajinomoto-frozenfoods.eu\/nos-temoignages\/#primaryimage","url":"https:\/\/www.ajinomoto-frozenfoods.eu\/wp-content\/uploads\/2025\/09\/img-ajinomoto-hero-2-about.webp","contentUrl":"https:\/\/www.ajinomoto-frozenfoods.eu\/wp-content\/uploads\/2025\/09\/img-ajinomoto-hero-2-about.webp","width":2505,"height":1600,"caption":"Img Ajinomoto Hero 2 About"},{"@type":"WebSite","@id":"https:\/\/www.ajinomoto-frozenfoods.eu\/#website","url":"https:\/\/www.ajinomoto-frozenfoods.eu\/","name":"Ajinomoto Frozen","description":"Des sp\u00e9cialit\u00e9s surgel\u00e9es uniques des gastronomies fran\u00e7aise et japonaise","publisher":{"@id":"https:\/\/www.ajinomoto-frozenfoods.eu\/#organization"},"potentialAction":[{"@type":"SearchAction","target":{"@type":"EntryPoint","urlTemplate":"https:\/\/www.ajinomoto-frozenfoods.eu\/?s={search_term_string}"},"query-input":{"@type":"PropertyValueSpecification","valueRequired":true,"valueName":"search_term_string"}}],"inLanguage":"en-US"},{"@type":"Organization","@id":"https:\/\/www.ajinomoto-frozenfoods.eu\/#organization","name":"Ajinomoto Frozen","url":"https:\/\/www.ajinomoto-frozenfoods.eu\/","logo":{"@type":"ImageObject","inLanguage":"en-US","@id":"https:\/\/www.ajinomoto-frozenfoods.eu\/#\/schema\/logo\/image\/","url":"https:\/\/www.ajinomoto-frozenfoods.eu\/wp-content\/uploads\/2025\/10\/logo-ajinomoto-full.svg","contentUrl":"https:\/\/www.ajinomoto-frozenfoods.eu\/wp-content\/uploads\/2025\/10\/logo-ajinomoto-full.svg","width":1,"height":1,"caption":"Ajinomoto Frozen"},"image":{"@id":"https:\/\/www.ajinomoto-frozenfoods.eu\/#\/schema\/logo\/image\/"}}]}},"_links":{"self":[{"href":"https:\/\/www.ajinomoto-frozenfoods.eu\/en\/wp-json\/wp\/v2\/pages\/841","targetHints":{"allow":["GET"]}}],"collection":[{"href":"https:\/\/www.ajinomoto-frozenfoods.eu\/en\/wp-json\/wp\/v2\/pages"}],"about":[{"href":"https:\/\/www.ajinomoto-frozenfoods.eu\/en\/wp-json\/wp\/v2\/types\/page"}],"author":[{"embeddable":true,"href":"https:\/\/www.ajinomoto-frozenfoods.eu\/en\/wp-json\/wp\/v2\/users\/1"}],"replies":[{"embeddable":true,"href":"https:\/\/www.ajinomoto-frozenfoods.eu\/en\/wp-json\/wp\/v2\/comments?post=841"}],"version-history":[{"count":1,"href":"https:\/\/www.ajinomoto-frozenfoods.eu\/en\/wp-json\/wp\/v2\/pages\/841\/revisions"}],"predecessor-version":[{"id":842,"href":"https:\/\/www.ajinomoto-frozenfoods.eu\/en\/wp-json\/wp\/v2\/pages\/841\/revisions\/842"}],"wp:featuredmedia":[{"embeddable":true,"href":"https:\/\/www.ajinomoto-frozenfoods.eu\/en\/wp-json\/wp\/v2\/media\/742"}],"wp:attachment":[{"href":"https:\/\/www.ajinomoto-frozenfoods.eu\/en\/wp-json\/wp\/v2\/media?parent=841"}],"curies":[{"name":"wp","href":"https:\/\/api.w.org\/{rel}","templated":true}]}}