{"id":818,"date":"2025-10-02T17:00:14","date_gmt":"2025-10-02T15:00:14","guid":{"rendered":"https:\/\/www.ajinomoto-frozenfoods.eu\/nos-specialites-aperitives\/"},"modified":"2026-01-27T15:58:21","modified_gmt":"2026-01-27T14:58:21","slug":"our-appetizer-specialties","status":"publish","type":"page","link":"https:\/\/www.ajinomoto-frozenfoods.eu\/en\/our-appetizer-specialties\/","title":{"rendered":"Our Appetizer Specialties"},"content":{"rendered":"\n\n<section class=\"block-hero block-hero-2 block-hero-2-ajinomoto\"\n        >\n                        <div class=\"breadcrumb\">\n            <div class=\"container-full\">\n                <ul class=\"breadcrumb-list\">\n                    <li class=\"breadcrumb-list_item\">\n                        <a href=\"https:\/\/www.ajinomoto-frozenfoods.eu\/en\/\">Accueil<\/a>\n                    <\/li>\n                                            <li class=\"breadcrumb-list_item\"><\/li>\n                                    <\/ul>\n            <\/div>\n        <\/div>\n    \n        <div class=\"block-hero-2-ajinomoto_content\">\n        <div class=\"container-full\">\n            <div class=\"grid\">\n                <div class=\"grid_content\">\n                        \n                                                        <\/div>\n                <div class=\"grid_image\">\n                                <img decoding=\"async\" src=\"https:\/\/www.ajinomoto-frozenfoods.eu\/wp-content\/uploads\/2025\/10\/Hero-2-1-e1761907864388.jpg\" alt=\"our appetizer specialties\">\n    \n                <\/div>\n            <\/div>\n        <\/div>\n    <\/div>\n<\/section>\n\n\n\n\n\n<section     class=\"block-content block-content-4 block-content-4-alt-ajinomoto\"\n        >\n    <div class=\"container-full\">\n        <div class=\"grid\">\n            <div class=\"grid_title\">\n                                                                                \n                                \n        <h2 class=\"title title-section\">Puff pastry expertise since 1986<\/h2>\n    \n            <\/div>\n            <div class=\"grid_content\">\n                                            <div class=\"editor\"><p>Since 1986, <a href=\"https:\/\/www.ajinomoto-frozenfoods.eu\/en\/le-neubourg\/\">our production site in Le Neubourg<\/a>, located in the heart of Normandy, has been dedicated to puff pastry mastery. It\u2019s here that our know-how truly shines, crafting frozen appetizer bites designed to combine convenience, indulgence, and quality.<\/p>\n<p>As part of our continuous improvement approach, we have refined our recipes and diversified our shapes to deliver a complete appetizer experience.<\/p>\n<p>Today, our range is perfect for every moment of sharing, from festive occasions such as Christmas and Easter to everyday get-togethers. Our boxes are perfectly suited for both retail consumers and foodservice professionals, making our appetizers a trusted choice all year round.<\/p>\n<p>Proud to support a wide variety of customers, we distribute our products through several channels: retail (supermarkets and private labels), specialty networks, and foodservice.<\/p>\n<\/div>\n    \n                            <\/div>\n        <\/div>\n    <\/div>\n<\/section>\n\n\n\n<section     class=\"block-content block-content-cards-3-ajinomoto\"\n        >\n    <div class=\"container-full\">\n        <div class=\"grid\">\n                            <div class=\"grid_title subgrid\">\n                                                                                    \n                                \n        <h2 class=\"title title-section\">A wide variety of recipes for every taste<\/h2>\n    \n                                <div class=\"editor\"><p>We offer a complete range of frozen mini puff pastries in a variety of shapes and generous recipes, carefully crafted to satisfy every craving.Our catalogue includes more than 25 flavors, divided into three complementary families<\/p>\n<p>All our recipes are designed to offer a rich and diverse tasting experience, easy to include in festive assortments or summer selections, for simple yet refined appetizers that bring people together.<\/p>\n<\/div>\n    \n                                    <\/div>\n                        <div class=\"grid_content\">\n                <div class=\"swiper swiperCards3-Ajinomoto\">\n                    <div class=\"swiper-wrapper\">\n                                                    <div class=\"swiper-slide\">\n                                                                    <div class=\"swiper-slide_bg\">\n                                                    <img decoding=\"async\" src=\"https:\/\/www.ajinomoto-frozenfoods.eu\/wp-content\/uploads\/2025\/10\/Fromagers.jpg\" alt=\"our appetizer specialties cheese\">\n    \n                                    <\/div>\n                                                                                                    <div class=\"swiper-slide_content\">\n                                                                                    <div class=\"subtitle\">Cheese<\/div>\n                                                                                                                                        <div class=\"editor\"><p>Goat cheese, Reblochon, Roquefort, camembert &amp; apple, four-cheese<\/p>\n<\/div>\n    \n                                                                            <\/div>\n                                                            <\/div>\n                                                    <div class=\"swiper-slide\">\n                                                                    <div class=\"swiper-slide_bg\">\n                                                    <img decoding=\"async\" src=\"https:\/\/www.ajinomoto-frozenfoods.eu\/wp-content\/uploads\/2025\/10\/Veggies.jpg\" alt=\"our appetizer specialties veggies\">\n    \n                                    <\/div>\n                                                                                                    <div class=\"swiper-slide_content\">\n                                                                                    <div class=\"subtitle\">Veggie<\/div>\n                                                                                                                                        <div class=\"editor\"><p>Tapenade, Mediterranean vegetables, pizza, mushroom, Basque-style, tomato\/oregano\u2026<\/p>\n<\/div>\n    \n                                                                            <\/div>\n                                                            <\/div>\n                                                    <div class=\"swiper-slide\">\n                                                                    <div class=\"swiper-slide_bg\">\n                                                    <img decoding=\"async\" src=\"https:\/\/www.ajinomoto-frozenfoods.eu\/wp-content\/uploads\/2025\/10\/Proteines.jpg\" alt=\"our appetizer specialties protein\">\n    \n                                    <\/div>\n                                                                                                    <div class=\"swiper-slide_content\">\n                                                                                    <div class=\"subtitle\">Protein<\/div>\n                                                                                                                                        <div class=\"editor\"><p>Ham, bacon, chorizo, sausage, coconut curry chicken, salmon &amp; dill, scallop\u2026<\/p>\n<\/div>\n    \n                                                                            <\/div>\n                                                            <\/div>\n                                            <\/div>\n                <\/div>\n            <\/div>\n        <\/div>\n    <\/div>\n<\/section>\n\n\n\n<section     class=\"block-cta block-cta-1 block-cta-1-ajinomoto padding-md align-center\"\n        >\n    <div class=\"block-cta-1_content opacity-black\">\n        <div class=\"block-cta-1_content-bg\">\n                        <img decoding=\"async\" src=\"https:\/\/www.ajinomoto-frozenfoods.eu\/wp-content\/uploads\/2025\/10\/En-savoir-plus-sur-Ajinomoto.jpg\" alt=\"En Savoir Plus Sur Ajinomoto\">\n    \n        <\/div>\n        <div class=\"block-cta-1_content-inner\">\n            <div class=\"container\">\n                <div class=\"grid\">\n                    <div class=\"grid_content\">\n                                                                                                                \n                                \n        <h2 class=\"title title-section\">Learn more about Ajinomoto<\/h2>\n    \n                                                    \n                                                    <div class=\"action\">\n                                                                            \n        \n                \n    <a href=\"https:\/\/www.ajinomoto-frozenfoods.eu\/en\/who-we-are\/\"\n       class=\"btn btn-primary has-icon has-icon--right external\"\n       target=\"_blank\"            rel=\"nofollow noopener\"            aria-label=\"Discover\"                >\n        <span class=\"btn_title\">Discover<\/span>\n        \n                    <span class=\"btn_icon\">\n                                    <svg width=\"12\" height=\"12\" viewBox=\"0 0 12 12\" fill=\"none\" xmlns=\"http:\/\/www.w3.org\/2000\/svg\">\n                        <path d=\"M0.5 0V11H11.5\" stroke=\"white\"\/>\n                        <path d=\"M10.5 1.5C10.5 1.22386 10.2761 1 10 1H5.5C5.22386 1 5 1.22386 5 1.5C5 1.77614 5.22386 2 5.5 2H9.5V6C9.5 6.27614 9.72386 6.5 10 6.5C10.2761 6.5 10.5 6.27614 10.5 6V1.5ZM0.5 11L0.853553 11.3536L10.3536 1.85355L10 1.5L9.64645 1.14645L0.146447 10.6464L0.5 11Z\" fill=\"white\"\/>\n                    <\/svg>\n                            <\/span>\n            <\/a>\n\n                                                            <\/div>\n                                            <\/div>\n                <\/div>\n            <\/div>\n        <\/div>\n    <\/div>\n    <\/section>","protected":false},"excerpt":{"rendered":"","protected":false},"author":1,"featured_media":766,"parent":0,"menu_order":0,"comment_status":"closed","ping_status":"closed","template":"","meta":{"_acf_changed":false,"footnotes":""},"class_list":["post-818","page","type-page","status-publish","has-post-thumbnail","hentry"],"acf":[],"yoast_head":"<!-- This site is optimized with the Yoast SEO plugin v27.5 - https:\/\/yoast.com\/product\/yoast-seo-wordpress\/ -->\n<title>Our Appetizer Specialties - Ajinomoto Frozen Foods Europe<\/title>\n<meta name=\"description\" content=\"Our appetizer specialties are perfect for any occasion and suit all tastes. Discover our craftsmanship here!\" \/>\n<meta name=\"robots\" content=\"index, follow, max-snippet:-1, max-image-preview:large, max-video-preview:-1\" \/>\n<link rel=\"canonical\" href=\"https:\/\/www.ajinomoto-frozenfoods.eu\/en\/our-appetizer-specialties\/\" \/>\n<meta property=\"og:locale\" content=\"en_US\" \/>\n<meta property=\"og:type\" content=\"article\" \/>\n<meta property=\"og:title\" content=\"Our Appetizer Specialties - Ajinomoto Frozen Foods Europe\" \/>\n<meta property=\"og:description\" content=\"Our appetizer specialties are perfect for any occasion and suit all tastes. Discover our craftsmanship here!\" \/>\n<meta property=\"og:url\" content=\"https:\/\/www.ajinomoto-frozenfoods.eu\/en\/our-appetizer-specialties\/\" \/>\n<meta property=\"og:site_name\" content=\"Ajinomoto Frozen Foods Europe\" \/>\n<meta property=\"article:modified_time\" content=\"2026-01-27T14:58:21+00:00\" \/>\n<meta property=\"og:image\" content=\"https:\/\/www.ajinomoto-frozenfoods.eu\/wp-content\/uploads\/2025\/10\/img-ajinomoto-neubourg-1.webp\" \/>\n\t<meta property=\"og:image:width\" content=\"2841\" \/>\n\t<meta property=\"og:image:height\" content=\"1600\" \/>\n\t<meta property=\"og:image:type\" content=\"image\/webp\" \/>\n<meta name=\"twitter:card\" content=\"summary_large_image\" \/>\n<meta name=\"twitter:label1\" content=\"Est. reading time\" \/>\n\t<meta name=\"twitter:data1\" content=\"1 minute\" \/>\n<script type=\"application\/ld+json\" class=\"yoast-schema-graph\">{\"@context\":\"https:\\\/\\\/schema.org\",\"@graph\":[{\"@type\":\"WebPage\",\"@id\":\"https:\\\/\\\/www.ajinomoto-frozenfoods.eu\\\/en\\\/our-appetizer-specialties\\\/\",\"url\":\"https:\\\/\\\/www.ajinomoto-frozenfoods.eu\\\/en\\\/our-appetizer-specialties\\\/\",\"name\":\"Our Appetizer Specialties - Ajinomoto Frozen Foods Europe\",\"isPartOf\":{\"@id\":\"https:\\\/\\\/www.ajinomoto-frozenfoods.eu\\\/#website\"},\"primaryImageOfPage\":{\"@id\":\"https:\\\/\\\/www.ajinomoto-frozenfoods.eu\\\/en\\\/our-appetizer-specialties\\\/#primaryimage\"},\"image\":{\"@id\":\"https:\\\/\\\/www.ajinomoto-frozenfoods.eu\\\/en\\\/our-appetizer-specialties\\\/#primaryimage\"},\"thumbnailUrl\":\"https:\\\/\\\/www.ajinomoto-frozenfoods.eu\\\/wp-content\\\/uploads\\\/2025\\\/10\\\/img-ajinomoto-neubourg-1.webp\",\"datePublished\":\"2025-10-02T15:00:14+00:00\",\"dateModified\":\"2026-01-27T14:58:21+00:00\",\"description\":\"Our appetizer specialties are perfect for any occasion and suit all tastes. Discover our craftsmanship here!\",\"breadcrumb\":{\"@id\":\"https:\\\/\\\/www.ajinomoto-frozenfoods.eu\\\/en\\\/our-appetizer-specialties\\\/#breadcrumb\"},\"inLanguage\":\"en-US\",\"potentialAction\":[{\"@type\":\"ReadAction\",\"target\":[\"https:\\\/\\\/www.ajinomoto-frozenfoods.eu\\\/en\\\/our-appetizer-specialties\\\/\"]}]},{\"@type\":\"ImageObject\",\"inLanguage\":\"en-US\",\"@id\":\"https:\\\/\\\/www.ajinomoto-frozenfoods.eu\\\/en\\\/our-appetizer-specialties\\\/#primaryimage\",\"url\":\"https:\\\/\\\/www.ajinomoto-frozenfoods.eu\\\/wp-content\\\/uploads\\\/2025\\\/10\\\/img-ajinomoto-neubourg-1.webp\",\"contentUrl\":\"https:\\\/\\\/www.ajinomoto-frozenfoods.eu\\\/wp-content\\\/uploads\\\/2025\\\/10\\\/img-ajinomoto-neubourg-1.webp\",\"width\":2841,\"height\":1600,\"caption\":\"Img Ajinomoto Neubourg 1\"},{\"@type\":\"WebSite\",\"@id\":\"https:\\\/\\\/www.ajinomoto-frozenfoods.eu\\\/#website\",\"url\":\"https:\\\/\\\/www.ajinomoto-frozenfoods.eu\\\/\",\"name\":\"Ajinomoto Frozen\",\"description\":\"Des sp\u00e9cialit\u00e9s surgel\u00e9es uniques des gastronomies fran\u00e7aise et japonaise\",\"publisher\":{\"@id\":\"https:\\\/\\\/www.ajinomoto-frozenfoods.eu\\\/#organization\"},\"potentialAction\":[{\"@type\":\"SearchAction\",\"target\":{\"@type\":\"EntryPoint\",\"urlTemplate\":\"https:\\\/\\\/www.ajinomoto-frozenfoods.eu\\\/?s={search_term_string}\"},\"query-input\":{\"@type\":\"PropertyValueSpecification\",\"valueRequired\":true,\"valueName\":\"search_term_string\"}}],\"inLanguage\":\"en-US\"},{\"@type\":\"Organization\",\"@id\":\"https:\\\/\\\/www.ajinomoto-frozenfoods.eu\\\/#organization\",\"name\":\"Ajinomoto Frozen\",\"url\":\"https:\\\/\\\/www.ajinomoto-frozenfoods.eu\\\/\",\"logo\":{\"@type\":\"ImageObject\",\"inLanguage\":\"en-US\",\"@id\":\"https:\\\/\\\/www.ajinomoto-frozenfoods.eu\\\/#\\\/schema\\\/logo\\\/image\\\/\",\"url\":\"https:\\\/\\\/www.ajinomoto-frozenfoods.eu\\\/wp-content\\\/uploads\\\/2025\\\/10\\\/logo-ajinomoto-full.svg\",\"contentUrl\":\"https:\\\/\\\/www.ajinomoto-frozenfoods.eu\\\/wp-content\\\/uploads\\\/2025\\\/10\\\/logo-ajinomoto-full.svg\",\"width\":1,\"height\":1,\"caption\":\"Ajinomoto Frozen\"},\"image\":{\"@id\":\"https:\\\/\\\/www.ajinomoto-frozenfoods.eu\\\/#\\\/schema\\\/logo\\\/image\\\/\"}}]}<\/script>\n<!-- \/ Yoast SEO plugin. -->","yoast_head_json":{"title":"Our Appetizer Specialties - Ajinomoto Frozen Foods Europe","description":"Our appetizer specialties are perfect for any occasion and suit all tastes. Discover our craftsmanship here!","robots":{"index":"index","follow":"follow","max-snippet":"max-snippet:-1","max-image-preview":"max-image-preview:large","max-video-preview":"max-video-preview:-1"},"canonical":"https:\/\/www.ajinomoto-frozenfoods.eu\/en\/our-appetizer-specialties\/","og_locale":"en_US","og_type":"article","og_title":"Our Appetizer Specialties - Ajinomoto Frozen Foods Europe","og_description":"Our appetizer specialties are perfect for any occasion and suit all tastes. Discover our craftsmanship here!","og_url":"https:\/\/www.ajinomoto-frozenfoods.eu\/en\/our-appetizer-specialties\/","og_site_name":"Ajinomoto Frozen Foods Europe","article_modified_time":"2026-01-27T14:58:21+00:00","og_image":[{"width":2841,"height":1600,"url":"https:\/\/www.ajinomoto-frozenfoods.eu\/wp-content\/uploads\/2025\/10\/img-ajinomoto-neubourg-1.webp","type":"image\/webp"}],"twitter_card":"summary_large_image","twitter_misc":{"Est. reading time":"1 minute"},"schema":{"@context":"https:\/\/schema.org","@graph":[{"@type":"WebPage","@id":"https:\/\/www.ajinomoto-frozenfoods.eu\/en\/our-appetizer-specialties\/","url":"https:\/\/www.ajinomoto-frozenfoods.eu\/en\/our-appetizer-specialties\/","name":"Our Appetizer Specialties - Ajinomoto Frozen Foods Europe","isPartOf":{"@id":"https:\/\/www.ajinomoto-frozenfoods.eu\/#website"},"primaryImageOfPage":{"@id":"https:\/\/www.ajinomoto-frozenfoods.eu\/en\/our-appetizer-specialties\/#primaryimage"},"image":{"@id":"https:\/\/www.ajinomoto-frozenfoods.eu\/en\/our-appetizer-specialties\/#primaryimage"},"thumbnailUrl":"https:\/\/www.ajinomoto-frozenfoods.eu\/wp-content\/uploads\/2025\/10\/img-ajinomoto-neubourg-1.webp","datePublished":"2025-10-02T15:00:14+00:00","dateModified":"2026-01-27T14:58:21+00:00","description":"Our appetizer specialties are perfect for any occasion and suit all tastes. Discover our craftsmanship here!","breadcrumb":{"@id":"https:\/\/www.ajinomoto-frozenfoods.eu\/en\/our-appetizer-specialties\/#breadcrumb"},"inLanguage":"en-US","potentialAction":[{"@type":"ReadAction","target":["https:\/\/www.ajinomoto-frozenfoods.eu\/en\/our-appetizer-specialties\/"]}]},{"@type":"ImageObject","inLanguage":"en-US","@id":"https:\/\/www.ajinomoto-frozenfoods.eu\/en\/our-appetizer-specialties\/#primaryimage","url":"https:\/\/www.ajinomoto-frozenfoods.eu\/wp-content\/uploads\/2025\/10\/img-ajinomoto-neubourg-1.webp","contentUrl":"https:\/\/www.ajinomoto-frozenfoods.eu\/wp-content\/uploads\/2025\/10\/img-ajinomoto-neubourg-1.webp","width":2841,"height":1600,"caption":"Img Ajinomoto Neubourg 1"},{"@type":"WebSite","@id":"https:\/\/www.ajinomoto-frozenfoods.eu\/#website","url":"https:\/\/www.ajinomoto-frozenfoods.eu\/","name":"Ajinomoto Frozen","description":"Des sp\u00e9cialit\u00e9s surgel\u00e9es uniques des gastronomies fran\u00e7aise et japonaise","publisher":{"@id":"https:\/\/www.ajinomoto-frozenfoods.eu\/#organization"},"potentialAction":[{"@type":"SearchAction","target":{"@type":"EntryPoint","urlTemplate":"https:\/\/www.ajinomoto-frozenfoods.eu\/?s={search_term_string}"},"query-input":{"@type":"PropertyValueSpecification","valueRequired":true,"valueName":"search_term_string"}}],"inLanguage":"en-US"},{"@type":"Organization","@id":"https:\/\/www.ajinomoto-frozenfoods.eu\/#organization","name":"Ajinomoto Frozen","url":"https:\/\/www.ajinomoto-frozenfoods.eu\/","logo":{"@type":"ImageObject","inLanguage":"en-US","@id":"https:\/\/www.ajinomoto-frozenfoods.eu\/#\/schema\/logo\/image\/","url":"https:\/\/www.ajinomoto-frozenfoods.eu\/wp-content\/uploads\/2025\/10\/logo-ajinomoto-full.svg","contentUrl":"https:\/\/www.ajinomoto-frozenfoods.eu\/wp-content\/uploads\/2025\/10\/logo-ajinomoto-full.svg","width":1,"height":1,"caption":"Ajinomoto Frozen"},"image":{"@id":"https:\/\/www.ajinomoto-frozenfoods.eu\/#\/schema\/logo\/image\/"}}]}},"_links":{"self":[{"href":"https:\/\/www.ajinomoto-frozenfoods.eu\/en\/wp-json\/wp\/v2\/pages\/818","targetHints":{"allow":["GET"]}}],"collection":[{"href":"https:\/\/www.ajinomoto-frozenfoods.eu\/en\/wp-json\/wp\/v2\/pages"}],"about":[{"href":"https:\/\/www.ajinomoto-frozenfoods.eu\/en\/wp-json\/wp\/v2\/types\/page"}],"author":[{"embeddable":true,"href":"https:\/\/www.ajinomoto-frozenfoods.eu\/en\/wp-json\/wp\/v2\/users\/1"}],"replies":[{"embeddable":true,"href":"https:\/\/www.ajinomoto-frozenfoods.eu\/en\/wp-json\/wp\/v2\/comments?post=818"}],"version-history":[{"count":4,"href":"https:\/\/www.ajinomoto-frozenfoods.eu\/en\/wp-json\/wp\/v2\/pages\/818\/revisions"}],"predecessor-version":[{"id":1808,"href":"https:\/\/www.ajinomoto-frozenfoods.eu\/en\/wp-json\/wp\/v2\/pages\/818\/revisions\/1808"}],"wp:featuredmedia":[{"embeddable":true,"href":"https:\/\/www.ajinomoto-frozenfoods.eu\/en\/wp-json\/wp\/v2\/media\/766"}],"wp:attachment":[{"href":"https:\/\/www.ajinomoto-frozenfoods.eu\/en\/wp-json\/wp\/v2\/media?parent=818"}],"curies":[{"name":"wp","href":"https:\/\/api.w.org\/{rel}","templated":true}]}}