{"id":757,"date":"2025-09-30T16:22:08","date_gmt":"2025-09-30T14:22:08","guid":{"rendered":"https:\/\/www.ajinomoto-frozenfoods.eu\/nos-implantations-en-europe\/"},"modified":"2026-02-02T09:32:59","modified_gmt":"2026-02-02T08:32:59","slug":"our-locations","status":"publish","type":"page","link":"https:\/\/www.ajinomoto-frozenfoods.eu\/en\/our-locations\/","title":{"rendered":"Our Locations in Europe"},"content":{"rendered":"\n\n<section class=\"block-hero block-hero-2 block-hero-2-ajinomoto\"\n        >\n                        <div class=\"breadcrumb\">\n            <div class=\"container-full\">\n                <ul class=\"breadcrumb-list\">\n                    <li class=\"breadcrumb-list_item\">\n                        <a href=\"https:\/\/www.ajinomoto-frozenfoods.eu\/en\/\">Accueil<\/a>\n                    <\/li>\n                                            <li class=\"breadcrumb-list_item\"><\/li>\n                                    <\/ul>\n            <\/div>\n        <\/div>\n    \n        <div class=\"block-hero-2-ajinomoto_content\">\n        <div class=\"container-full\">\n            <div class=\"grid\">\n                <div class=\"grid_content\">\n                        \n                                                        <\/div>\n                <div class=\"grid_image\">\n                                <img decoding=\"async\" src=\"https:\/\/www.ajinomoto-frozenfoods.eu\/wp-content\/uploads\/2025\/10\/Hero-3-1-e1761904942974.jpg\" alt=\"our locations\">\n    \n                <\/div>\n            <\/div>\n        <\/div>\n    <\/div>\n<\/section>\n\n\n\n\n<section     class=\"block-content block-content-nav-ajinomoto\"\n        >\n    <div class=\"container\">\n        <div class=\"grid\">\n                            <div class=\"grid_title\">\n                                                                                    \n                                \n        <h2 class=\"title title-section\">Ajinomoto&#8217;s international network<\/h2>\n    \n                <\/div>\n                        <div class=\"grid_content\">\n                <div class=\"content-nav\">\n                                                                    <a href=\"#paris\" class=\"content-nav_item active\">\n                            Paris\n                        <\/a>\n                                                                    <a href=\"#europe\" class=\"content-nav_item\">\n                            Europe\n                        <\/a>\n                                                                    <a href=\"#neubourg\" class=\"content-nav_item\">\n                            Le Neubourg\n                        <\/a>\n                                                                    <a href=\"#castelsarrasin\" class=\"content-nav_item\">\n                            Castelsarrasin\n                        <\/a>\n                                    <\/div>\n            <\/div>\n        <\/div>\n    <\/div>\n<\/section>\n\n\n\n\n            \n        \n<section     id=\"paris\" class=\"block-content block-content-2 block-content-2-alt-ajinomoto img-left\"\n        >\n    <div class=\"container-full\">\n        <div class=\"grid\">\n            <div class=\"grid_content subgrid\">\n                                                                                \n                                \n        <h2 class=\"title title-section\">Paris<\/h2>\n    \n                    \n                            <div class=\"editor\"><p>Ajinomoto has established its European headquarters in the heart of Paris, a strategic hub where service, innovation, and expertise come together. Here, a team of nearly 70 passionate professionals works every day to grow our brands and products across Europe. Marketing, Sales, Communications, Human Resources, Central Quality, Finance, CSR, and R&amp;D all collaborate, creating a true ecosystem where everyone contributes to the company\u2019s growth.<\/p>\n<\/div>\n    \n                            <\/div>\n            <div class=\"grid_media grid_media-image fit-cover align-center\">\n                            <img decoding=\"async\" src=\"https:\/\/www.ajinomoto-frozenfoods.eu\/wp-content\/uploads\/2025\/10\/nos-implantations-Paris.jpg\" alt=\"our locations frozen\">\n    \n            <\/div>\n        <\/div>\n    <\/div>\n<\/section>\n\n\n\n\n            \n        \n<section     id=\"europe\" class=\"block-content block-content-2 block-content-2-alt-ajinomoto img-right\"\n        >\n    <div class=\"container-full\">\n        <div class=\"grid\">\n            <div class=\"grid_content subgrid\">\n                                                                                \n                                \n        <h2 class=\"title title-section\">Europe<\/h2>\n    \n                    \n                            <div class=\"editor\"><p>Our presence extends beyond France. We have commercial offices in London and Hamburg, with sales representatives covering the Netherlands, Spain, and Italy. Our European teams play a key role in developing markets and supporting clients and partners, especially in the Foodservice sector. We prioritize close proximity to our local clients to quickly adapt our offerings and meet their specific needs.<\/p>\n<\/div>\n    \n                            <\/div>\n            <div class=\"grid_media grid_media-image fit-cover align-center\">\n                            <img decoding=\"async\" src=\"https:\/\/www.ajinomoto-frozenfoods.eu\/wp-content\/uploads\/2025\/09\/img-ajinomoto-implantation-hero.webp\" alt=\"our locations europe\">\n    \n            <\/div>\n        <\/div>\n    <\/div>\n<\/section>\n\n\n\n\n        \n<section     id=\"neubourg\" class=\"block-content block-content-9 block-content-9-ajinomoto align-start\"\n        >\n    <div class=\"container\">\n        <div class=\"grid\">\n            <div class=\"grid_content\">\n                                    <div class=\"uppertitle\">Our factories<\/div>\n                                                                                                \n                                \n        <h2 class=\"title title-section\">Le Neubourg<\/h2>\n    \n                    \n                                    <div class=\"action\">\n                                                            \n        \n                \n    <a href=\"https:\/\/www.ajinomoto-frozenfoods.eu\/le-neubourg\/\"\n       class=\"btn btn-primary has-icon has-icon--right external\"\n       target=\"_blank\"            rel=\"nofollow noopener\"            aria-label=\"Discover the site\"                >\n        <span class=\"btn_title\">Discover the site<\/span>\n        \n                    <span class=\"btn_icon\">\n                                    <svg width=\"12\" height=\"12\" viewBox=\"0 0 12 12\" fill=\"none\" xmlns=\"http:\/\/www.w3.org\/2000\/svg\">\n                        <path d=\"M0.5 0V11H11.5\" stroke=\"white\"\/>\n                        <path d=\"M10.5 1.5C10.5 1.22386 10.2761 1 10 1H5.5C5.22386 1 5 1.22386 5 1.5C5 1.77614 5.22386 2 5.5 2H9.5V6C9.5 6.27614 9.72386 6.5 10 6.5C10.2761 6.5 10.5 6.27614 10.5 6V1.5ZM0.5 11L0.853553 11.3536L10.3536 1.85355L10 1.5L9.64645 1.14645L0.146447 10.6464L0.5 11Z\" fill=\"white\"\/>\n                    <\/svg>\n                            <\/span>\n            <\/a>\n\n                                            <\/div>\n                            <\/div>\n            <div class=\"grid_media grid_media-image\">\n                            <img decoding=\"async\" src=\"https:\/\/www.ajinomoto-frozenfoods.eu\/wp-content\/uploads\/2025\/10\/Le-Neubourg-e1761905197855.jpeg\" alt=\"Le Neubourg\">\n    \n            <\/div>\n        <\/div>\n    <\/div>\n<\/section>\n\n\n\n\n        \n<section     id=\"castelsarrasin\" class=\"block-content block-content-9 block-content-9-ajinomoto align-start\"\n        >\n    <div class=\"container\">\n        <div class=\"grid\">\n            <div class=\"grid_content\">\n                                    <div class=\"uppertitle\">Our factories<\/div>\n                                                                                                \n                                \n        <h2 class=\"title title-section\">Castelsarrasin<\/h2>\n    \n                    \n                                    <div class=\"action\">\n                                                            \n        \n                \n    <a href=\"https:\/\/www.ajinomoto-frozenfoods.eu\/castelsarrasin\/\"\n       class=\"btn btn-primary has-icon has-icon--right external\"\n       target=\"_blank\"            rel=\"nofollow noopener\"            aria-label=\"Discover the site\"                >\n        <span class=\"btn_title\">Discover the site<\/span>\n        \n                    <span class=\"btn_icon\">\n                                    <svg width=\"12\" height=\"12\" viewBox=\"0 0 12 12\" fill=\"none\" xmlns=\"http:\/\/www.w3.org\/2000\/svg\">\n                        <path d=\"M0.5 0V11H11.5\" stroke=\"white\"\/>\n                        <path d=\"M10.5 1.5C10.5 1.22386 10.2761 1 10 1H5.5C5.22386 1 5 1.22386 5 1.5C5 1.77614 5.22386 2 5.5 2H9.5V6C9.5 6.27614 9.72386 6.5 10 6.5C10.2761 6.5 10.5 6.27614 10.5 6V1.5ZM0.5 11L0.853553 11.3536L10.3536 1.85355L10 1.5L9.64645 1.14645L0.146447 10.6464L0.5 11Z\" fill=\"white\"\/>\n                    <\/svg>\n                            <\/span>\n            <\/a>\n\n                                            <\/div>\n                            <\/div>\n            <div class=\"grid_media grid_media-image\">\n                            <img decoding=\"async\" src=\"https:\/\/www.ajinomoto-frozenfoods.eu\/wp-content\/uploads\/2025\/10\/Castelsarrasin-e1761905707416.jpg\" alt=\"Castelsarrasin\">\n    \n            <\/div>\n        <\/div>\n    <\/div>\n<\/section>\n\n\n\n<section     class=\"block-cta block-cta-1 block-cta-1-ajinomoto padding-md align-center\"\n        >\n    <div class=\"block-cta-1_content opacity-black\">\n        <div class=\"block-cta-1_content-bg\">\n                        <img decoding=\"async\" src=\"https:\/\/www.ajinomoto-frozenfoods.eu\/wp-content\/uploads\/2025\/10\/En-savoir-plus-sur-Ajinomoto.jpg\" alt=\"En Savoir Plus Sur Ajinomoto\">\n    \n        <\/div>\n        <div class=\"block-cta-1_content-inner\">\n            <div class=\"container\">\n                <div class=\"grid\">\n                    <div class=\"grid_content\">\n                                                                                                                \n                                \n        <h2 class=\"title title-section\">Learn more about Ajinomoto<\/h2>\n    \n                                                    \n                                                    <div class=\"action\">\n                                                                            \n        \n                \n    <a href=\"https:\/\/www.ajinomoto-frozenfoods.eu\/en\/who-we-are\/\"\n       class=\"btn btn-primary\"\n                               aria-label=\"Discover\"                >\n        <span class=\"btn_title\">Discover<\/span>\n        \n            <\/a>\n\n                                                            <\/div>\n                                            <\/div>\n                <\/div>\n            <\/div>\n        <\/div>\n    <\/div>\n    <\/section>","protected":false},"excerpt":{"rendered":"","protected":false},"author":1,"featured_media":956,"parent":0,"menu_order":0,"comment_status":"closed","ping_status":"closed","template":"","meta":{"_acf_changed":false,"footnotes":""},"class_list":["post-757","page","type-page","status-publish","has-post-thumbnail","hentry"],"acf":[],"yoast_head":"<!-- This site is optimized with the Yoast SEO plugin v27.5 - https:\/\/yoast.com\/product\/yoast-seo-wordpress\/ -->\n<title>Our Locations in Europe - Ajinomoto Frozen Foods Europe<\/title>\n<meta name=\"description\" content=\"Discover our locations in Europe with our offices in France and Europe, as well as our two production sites.\" \/>\n<meta name=\"robots\" content=\"index, follow, max-snippet:-1, max-image-preview:large, max-video-preview:-1\" \/>\n<link rel=\"canonical\" href=\"https:\/\/www.ajinomoto-frozenfoods.eu\/en\/our-locations\/\" \/>\n<meta property=\"og:locale\" content=\"en_US\" \/>\n<meta property=\"og:type\" content=\"article\" \/>\n<meta property=\"og:title\" content=\"Our Locations in Europe - Ajinomoto Frozen Foods Europe\" \/>\n<meta property=\"og:description\" content=\"Discover our locations in Europe with our offices in France and Europe, as well as our two production sites.\" \/>\n<meta property=\"og:url\" content=\"https:\/\/www.ajinomoto-frozenfoods.eu\/en\/our-locations\/\" \/>\n<meta property=\"og:site_name\" content=\"Ajinomoto Frozen Foods Europe\" \/>\n<meta property=\"article:modified_time\" content=\"2026-02-02T08:32:59+00:00\" \/>\n<meta property=\"og:image\" content=\"https:\/\/www.ajinomoto-frozenfoods.eu\/wp-content\/uploads\/2025\/10\/nos-implantations-europe-e1761904739429.jpg\" \/>\n\t<meta property=\"og:image:width\" content=\"1600\" \/>\n\t<meta property=\"og:image:height\" content=\"1066\" \/>\n\t<meta property=\"og:image:type\" content=\"image\/jpeg\" \/>\n<meta name=\"twitter:card\" content=\"summary_large_image\" \/>\n<meta name=\"twitter:label1\" content=\"Est. reading time\" \/>\n\t<meta name=\"twitter:data1\" content=\"1 minute\" \/>\n<script type=\"application\/ld+json\" class=\"yoast-schema-graph\">{\"@context\":\"https:\\\/\\\/schema.org\",\"@graph\":[{\"@type\":\"WebPage\",\"@id\":\"https:\\\/\\\/www.ajinomoto-frozenfoods.eu\\\/en\\\/our-locations\\\/\",\"url\":\"https:\\\/\\\/www.ajinomoto-frozenfoods.eu\\\/en\\\/our-locations\\\/\",\"name\":\"Our Locations in Europe - Ajinomoto Frozen Foods Europe\",\"isPartOf\":{\"@id\":\"https:\\\/\\\/www.ajinomoto-frozenfoods.eu\\\/#website\"},\"primaryImageOfPage\":{\"@id\":\"https:\\\/\\\/www.ajinomoto-frozenfoods.eu\\\/en\\\/our-locations\\\/#primaryimage\"},\"image\":{\"@id\":\"https:\\\/\\\/www.ajinomoto-frozenfoods.eu\\\/en\\\/our-locations\\\/#primaryimage\"},\"thumbnailUrl\":\"https:\\\/\\\/www.ajinomoto-frozenfoods.eu\\\/wp-content\\\/uploads\\\/2025\\\/10\\\/nos-implantations-europe-e1761904739429.jpg\",\"datePublished\":\"2025-09-30T14:22:08+00:00\",\"dateModified\":\"2026-02-02T08:32:59+00:00\",\"description\":\"Discover our locations in Europe with our offices in France and Europe, as well as our two production sites.\",\"breadcrumb\":{\"@id\":\"https:\\\/\\\/www.ajinomoto-frozenfoods.eu\\\/en\\\/our-locations\\\/#breadcrumb\"},\"inLanguage\":\"en-US\",\"potentialAction\":[{\"@type\":\"ReadAction\",\"target\":[\"https:\\\/\\\/www.ajinomoto-frozenfoods.eu\\\/en\\\/our-locations\\\/\"]}]},{\"@type\":\"ImageObject\",\"inLanguage\":\"en-US\",\"@id\":\"https:\\\/\\\/www.ajinomoto-frozenfoods.eu\\\/en\\\/our-locations\\\/#primaryimage\",\"url\":\"https:\\\/\\\/www.ajinomoto-frozenfoods.eu\\\/wp-content\\\/uploads\\\/2025\\\/10\\\/nos-implantations-europe-e1761904739429.jpg\",\"contentUrl\":\"https:\\\/\\\/www.ajinomoto-frozenfoods.eu\\\/wp-content\\\/uploads\\\/2025\\\/10\\\/nos-implantations-europe-e1761904739429.jpg\",\"width\":1600,\"height\":1066,\"caption\":\"Nos Implantations Europe\"},{\"@type\":\"WebSite\",\"@id\":\"https:\\\/\\\/www.ajinomoto-frozenfoods.eu\\\/#website\",\"url\":\"https:\\\/\\\/www.ajinomoto-frozenfoods.eu\\\/\",\"name\":\"Ajinomoto Frozen\",\"description\":\"Des sp\u00e9cialit\u00e9s surgel\u00e9es uniques des gastronomies fran\u00e7aise et japonaise\",\"publisher\":{\"@id\":\"https:\\\/\\\/www.ajinomoto-frozenfoods.eu\\\/#organization\"},\"potentialAction\":[{\"@type\":\"SearchAction\",\"target\":{\"@type\":\"EntryPoint\",\"urlTemplate\":\"https:\\\/\\\/www.ajinomoto-frozenfoods.eu\\\/?s={search_term_string}\"},\"query-input\":{\"@type\":\"PropertyValueSpecification\",\"valueRequired\":true,\"valueName\":\"search_term_string\"}}],\"inLanguage\":\"en-US\"},{\"@type\":\"Organization\",\"@id\":\"https:\\\/\\\/www.ajinomoto-frozenfoods.eu\\\/#organization\",\"name\":\"Ajinomoto Frozen\",\"url\":\"https:\\\/\\\/www.ajinomoto-frozenfoods.eu\\\/\",\"logo\":{\"@type\":\"ImageObject\",\"inLanguage\":\"en-US\",\"@id\":\"https:\\\/\\\/www.ajinomoto-frozenfoods.eu\\\/#\\\/schema\\\/logo\\\/image\\\/\",\"url\":\"https:\\\/\\\/www.ajinomoto-frozenfoods.eu\\\/wp-content\\\/uploads\\\/2025\\\/10\\\/logo-ajinomoto-full.svg\",\"contentUrl\":\"https:\\\/\\\/www.ajinomoto-frozenfoods.eu\\\/wp-content\\\/uploads\\\/2025\\\/10\\\/logo-ajinomoto-full.svg\",\"width\":1,\"height\":1,\"caption\":\"Ajinomoto Frozen\"},\"image\":{\"@id\":\"https:\\\/\\\/www.ajinomoto-frozenfoods.eu\\\/#\\\/schema\\\/logo\\\/image\\\/\"}}]}<\/script>\n<!-- \/ Yoast SEO plugin. -->","yoast_head_json":{"title":"Our Locations in Europe - Ajinomoto Frozen Foods Europe","description":"Discover our locations in Europe with our offices in France and Europe, as well as our two production sites.","robots":{"index":"index","follow":"follow","max-snippet":"max-snippet:-1","max-image-preview":"max-image-preview:large","max-video-preview":"max-video-preview:-1"},"canonical":"https:\/\/www.ajinomoto-frozenfoods.eu\/en\/our-locations\/","og_locale":"en_US","og_type":"article","og_title":"Our Locations in Europe - Ajinomoto Frozen Foods Europe","og_description":"Discover our locations in Europe with our offices in France and Europe, as well as our two production sites.","og_url":"https:\/\/www.ajinomoto-frozenfoods.eu\/en\/our-locations\/","og_site_name":"Ajinomoto Frozen Foods Europe","article_modified_time":"2026-02-02T08:32:59+00:00","og_image":[{"width":1600,"height":1066,"url":"https:\/\/www.ajinomoto-frozenfoods.eu\/wp-content\/uploads\/2025\/10\/nos-implantations-europe-e1761904739429.jpg","type":"image\/jpeg"}],"twitter_card":"summary_large_image","twitter_misc":{"Est. reading time":"1 minute"},"schema":{"@context":"https:\/\/schema.org","@graph":[{"@type":"WebPage","@id":"https:\/\/www.ajinomoto-frozenfoods.eu\/en\/our-locations\/","url":"https:\/\/www.ajinomoto-frozenfoods.eu\/en\/our-locations\/","name":"Our Locations in Europe - Ajinomoto Frozen Foods Europe","isPartOf":{"@id":"https:\/\/www.ajinomoto-frozenfoods.eu\/#website"},"primaryImageOfPage":{"@id":"https:\/\/www.ajinomoto-frozenfoods.eu\/en\/our-locations\/#primaryimage"},"image":{"@id":"https:\/\/www.ajinomoto-frozenfoods.eu\/en\/our-locations\/#primaryimage"},"thumbnailUrl":"https:\/\/www.ajinomoto-frozenfoods.eu\/wp-content\/uploads\/2025\/10\/nos-implantations-europe-e1761904739429.jpg","datePublished":"2025-09-30T14:22:08+00:00","dateModified":"2026-02-02T08:32:59+00:00","description":"Discover our locations in Europe with our offices in France and Europe, as well as our two production sites.","breadcrumb":{"@id":"https:\/\/www.ajinomoto-frozenfoods.eu\/en\/our-locations\/#breadcrumb"},"inLanguage":"en-US","potentialAction":[{"@type":"ReadAction","target":["https:\/\/www.ajinomoto-frozenfoods.eu\/en\/our-locations\/"]}]},{"@type":"ImageObject","inLanguage":"en-US","@id":"https:\/\/www.ajinomoto-frozenfoods.eu\/en\/our-locations\/#primaryimage","url":"https:\/\/www.ajinomoto-frozenfoods.eu\/wp-content\/uploads\/2025\/10\/nos-implantations-europe-e1761904739429.jpg","contentUrl":"https:\/\/www.ajinomoto-frozenfoods.eu\/wp-content\/uploads\/2025\/10\/nos-implantations-europe-e1761904739429.jpg","width":1600,"height":1066,"caption":"Nos Implantations Europe"},{"@type":"WebSite","@id":"https:\/\/www.ajinomoto-frozenfoods.eu\/#website","url":"https:\/\/www.ajinomoto-frozenfoods.eu\/","name":"Ajinomoto Frozen","description":"Des sp\u00e9cialit\u00e9s surgel\u00e9es uniques des gastronomies fran\u00e7aise et japonaise","publisher":{"@id":"https:\/\/www.ajinomoto-frozenfoods.eu\/#organization"},"potentialAction":[{"@type":"SearchAction","target":{"@type":"EntryPoint","urlTemplate":"https:\/\/www.ajinomoto-frozenfoods.eu\/?s={search_term_string}"},"query-input":{"@type":"PropertyValueSpecification","valueRequired":true,"valueName":"search_term_string"}}],"inLanguage":"en-US"},{"@type":"Organization","@id":"https:\/\/www.ajinomoto-frozenfoods.eu\/#organization","name":"Ajinomoto Frozen","url":"https:\/\/www.ajinomoto-frozenfoods.eu\/","logo":{"@type":"ImageObject","inLanguage":"en-US","@id":"https:\/\/www.ajinomoto-frozenfoods.eu\/#\/schema\/logo\/image\/","url":"https:\/\/www.ajinomoto-frozenfoods.eu\/wp-content\/uploads\/2025\/10\/logo-ajinomoto-full.svg","contentUrl":"https:\/\/www.ajinomoto-frozenfoods.eu\/wp-content\/uploads\/2025\/10\/logo-ajinomoto-full.svg","width":1,"height":1,"caption":"Ajinomoto Frozen"},"image":{"@id":"https:\/\/www.ajinomoto-frozenfoods.eu\/#\/schema\/logo\/image\/"}}]}},"_links":{"self":[{"href":"https:\/\/www.ajinomoto-frozenfoods.eu\/en\/wp-json\/wp\/v2\/pages\/757","targetHints":{"allow":["GET"]}}],"collection":[{"href":"https:\/\/www.ajinomoto-frozenfoods.eu\/en\/wp-json\/wp\/v2\/pages"}],"about":[{"href":"https:\/\/www.ajinomoto-frozenfoods.eu\/en\/wp-json\/wp\/v2\/types\/page"}],"author":[{"embeddable":true,"href":"https:\/\/www.ajinomoto-frozenfoods.eu\/en\/wp-json\/wp\/v2\/users\/1"}],"replies":[{"embeddable":true,"href":"https:\/\/www.ajinomoto-frozenfoods.eu\/en\/wp-json\/wp\/v2\/comments?post=757"}],"version-history":[{"count":6,"href":"https:\/\/www.ajinomoto-frozenfoods.eu\/en\/wp-json\/wp\/v2\/pages\/757\/revisions"}],"predecessor-version":[{"id":1822,"href":"https:\/\/www.ajinomoto-frozenfoods.eu\/en\/wp-json\/wp\/v2\/pages\/757\/revisions\/1822"}],"wp:featuredmedia":[{"embeddable":true,"href":"https:\/\/www.ajinomoto-frozenfoods.eu\/en\/wp-json\/wp\/v2\/media\/956"}],"wp:attachment":[{"href":"https:\/\/www.ajinomoto-frozenfoods.eu\/en\/wp-json\/wp\/v2\/media?parent=757"}],"curies":[{"name":"wp","href":"https:\/\/api.w.org\/{rel}","templated":true}]}}