{"id":1708,"date":"2025-11-12T11:51:35","date_gmt":"2025-11-12T10:51:35","guid":{"rendered":"https:\/\/www.ajinomoto-frozenfoods.eu\/plan-du-site\/"},"modified":"2026-02-02T09:37:43","modified_gmt":"2026-02-02T08:37:43","slug":"site-map","status":"publish","type":"page","link":"https:\/\/www.ajinomoto-frozenfoods.eu\/en\/site-map\/","title":{"rendered":"Site-map"},"content":{"rendered":"\n\n<section     class=\"block-editor\"\n        >\n    <div class=\"container\">\n        <div class=\"grid\">\n            <div class=\"grid_content\">\n                <div class=\"editor\"><h1>Site-map<\/h1>\n<\/div>\n            <\/div>\n        <\/div>\n    <\/div>\n<\/section>\n\n\n\n<section     class=\"block-content block-sitemap-ajinomoto\"\n        >\n    <div class=\"container\">\n        <div class=\"grid\">\n                            <div class=\"grid_sitemap-group grid_sitemap-group-pages\">\n                    <h2 class=\"sitemap-group-title\">Pages<\/h2>\n                                                        <ul class=\"sitemap_list\">\n                            <li class=\"sitemap_list-item\">\n                    <a href=\"https:\/\/www.ajinomoto-frozenfoods.eu\/en\/accessibility\/\">Accessibility<\/a>\n                        \n                <\/li>\n                            <li class=\"sitemap_list-item\">\n                    <a href=\"https:\/\/www.ajinomoto-frozenfoods.eu\/en\/actualites\/\">Actualit\u00e9s<\/a>\n                        \n                <\/li>\n                            <li class=\"sitemap_list-item\">\n                    <a href=\"https:\/\/www.ajinomoto-frozenfoods.eu\/en\/castelsarrasin\/\">Castelsarrasin<\/a>\n                        \n                <\/li>\n                            <li class=\"sitemap_list-item\">\n                    <a href=\"https:\/\/www.ajinomoto-frozenfoods.eu\/en\/contact-us\/\">Contact Us<\/a>\n                        \n                <\/li>\n                            <li class=\"sitemap_list-item\">\n                    <a href=\"https:\/\/www.ajinomoto-frozenfoods.eu\/en\/\">Home<\/a>\n                        \n                <\/li>\n                            <li class=\"sitemap_list-item\">\n                    <a href=\"https:\/\/www.ajinomoto-frozenfoods.eu\/en\/le-neubourg\/\">Le Neubourg<\/a>\n                        \n                <\/li>\n                            <li class=\"sitemap_list-item\">\n                    <a href=\"https:\/\/www.ajinomoto-frozenfoods.eu\/en\/legal-notices\/\">Legal Notices<\/a>\n                        \n                <\/li>\n                            <li class=\"sitemap_list-item\">\n                    <a href=\"https:\/\/www.ajinomoto-frozenfoods.eu\/en\/nos-temoignages\/\">Nos t\u00e9moignages<\/a>\n                        \n                <\/li>\n                            <li class=\"sitemap_list-item\">\n                    <a href=\"https:\/\/www.ajinomoto-frozenfoods.eu\/en\/our-appetizer-specialties\/\">Our Appetizer Specialties<\/a>\n                        \n                <\/li>\n                            <li class=\"sitemap_list-item\">\n                    <a href=\"https:\/\/www.ajinomoto-frozenfoods.eu\/en\/our-approach\/\">Our Approach<\/a>\n                        \n                <\/li>\n                            <li class=\"sitemap_list-item\">\n                    <a href=\"https:\/\/www.ajinomoto-frozenfoods.eu\/en\/our-commitments\/\">Our Commitments<\/a>\n                        \n                <\/li>\n                            <li class=\"sitemap_list-item\">\n                    <a href=\"https:\/\/www.ajinomoto-frozenfoods.eu\/en\/our-company-culture\/\">Our Company Culture<\/a>\n                        \n                <\/li>\n                            <li class=\"sitemap_list-item\">\n                    <a href=\"https:\/\/www.ajinomoto-frozenfoods.eu\/en\/our-dessert-specialties\/\">Our Dessert Specialties<\/a>\n                        \n                <\/li>\n                            <li class=\"sitemap_list-item\">\n                    <a href=\"https:\/\/www.ajinomoto-frozenfoods.eu\/en\/our-history\/\">Our History<\/a>\n                        \n                <\/li>\n                            <li class=\"sitemap_list-item\">\n                    <a href=\"https:\/\/www.ajinomoto-frozenfoods.eu\/en\/our-japanese-specialties\/\">Our Japanese Specialties<\/a>\n                        \n                <\/li>\n                            <li class=\"sitemap_list-item\">\n                    <a href=\"https:\/\/www.ajinomoto-frozenfoods.eu\/en\/our-locations\/\">Our Locations in Europe<\/a>\n                        \n                <\/li>\n                            <li class=\"sitemap_list-item\">\n                    <a href=\"https:\/\/www.ajinomoto-frozenfoods.eu\/en\/privacy-policy\/\">Privacy Policy<\/a>\n                        \n                <\/li>\n                            <li class=\"sitemap_list-item\">\n                    <a href=\"https:\/\/www.ajinomoto-frozenfoods.eu\/en\/site-map\/\">Site-map<\/a>\n                        \n                <\/li>\n                            <li class=\"sitemap_list-item\">\n                    <a href=\"https:\/\/www.ajinomoto-frozenfoods.eu\/en\/who-we-are\/\">Who We Are<\/a>\n                        \n                <\/li>\n                    <\/ul>\n    \n                                    <\/div>\n                            <div class=\"grid_sitemap-group grid_sitemap-group-posts\">\n                    <h2 class=\"sitemap-group-title\">Actualit\u00e9s<\/h2>\n                                                                        <ul class=\"sitemap_list\">\n                                                                    <li class=\"sitemap_list-item\">\n                                        <a href=\"https:\/\/www.ajinomoto-frozenfoods.eu\/en\/ajinomoto-showcases-its-japanese-specialties-at-hip-madrid-2026\/\">AJINOMOTO showcases its Japanese specialties at HIP Madrid 2026<\/a>\n                                    <\/li>\n                                                            <\/ul>\n                                                            <\/div>\n                    <\/div>\n    <\/div>\n<\/section>\n","protected":false},"excerpt":{"rendered":"","protected":false},"author":1,"featured_media":0,"parent":0,"menu_order":0,"comment_status":"closed","ping_status":"closed","template":"","meta":{"_acf_changed":false,"footnotes":""},"class_list":["post-1708","page","type-page","status-publish","hentry"],"acf":[],"yoast_head":"<!-- This site is optimized with the Yoast SEO plugin v27.5 - https:\/\/yoast.com\/product\/yoast-seo-wordpress\/ -->\n<title>Site-map - Ajinomoto Frozen Foods Europe<\/title>\n<meta name=\"description\" content=\"Consult the Ajinomoto site-map to easily find all pages and information about our products and services.\" \/>\n<meta name=\"robots\" content=\"index, follow, max-snippet:-1, max-image-preview:large, max-video-preview:-1\" \/>\n<link rel=\"canonical\" href=\"https:\/\/www.ajinomoto-frozenfoods.eu\/en\/site-map\/\" \/>\n<meta property=\"og:locale\" content=\"en_US\" \/>\n<meta property=\"og:type\" content=\"article\" \/>\n<meta property=\"og:title\" content=\"Site-map - Ajinomoto Frozen Foods Europe\" \/>\n<meta property=\"og:description\" content=\"Consult the Ajinomoto site-map to easily find all pages and information about our products and services.\" \/>\n<meta property=\"og:url\" content=\"https:\/\/www.ajinomoto-frozenfoods.eu\/en\/site-map\/\" \/>\n<meta property=\"og:site_name\" content=\"Ajinomoto Frozen Foods Europe\" \/>\n<meta property=\"article:modified_time\" content=\"2026-02-02T08:37:43+00:00\" \/>\n<meta name=\"twitter:card\" content=\"summary_large_image\" \/>\n<script type=\"application\/ld+json\" class=\"yoast-schema-graph\">{\"@context\":\"https:\\\/\\\/schema.org\",\"@graph\":[{\"@type\":\"WebPage\",\"@id\":\"https:\\\/\\\/www.ajinomoto-frozenfoods.eu\\\/en\\\/site-map\\\/\",\"url\":\"https:\\\/\\\/www.ajinomoto-frozenfoods.eu\\\/en\\\/site-map\\\/\",\"name\":\"Site-map - Ajinomoto Frozen Foods Europe\",\"isPartOf\":{\"@id\":\"https:\\\/\\\/www.ajinomoto-frozenfoods.eu\\\/#website\"},\"datePublished\":\"2025-11-12T10:51:35+00:00\",\"dateModified\":\"2026-02-02T08:37:43+00:00\",\"description\":\"Consult the Ajinomoto site-map to easily find all pages and information about our products and services.\",\"breadcrumb\":{\"@id\":\"https:\\\/\\\/www.ajinomoto-frozenfoods.eu\\\/en\\\/site-map\\\/#breadcrumb\"},\"inLanguage\":\"en-US\",\"potentialAction\":[{\"@type\":\"ReadAction\",\"target\":[\"https:\\\/\\\/www.ajinomoto-frozenfoods.eu\\\/en\\\/site-map\\\/\"]}]},{\"@type\":\"WebSite\",\"@id\":\"https:\\\/\\\/www.ajinomoto-frozenfoods.eu\\\/#website\",\"url\":\"https:\\\/\\\/www.ajinomoto-frozenfoods.eu\\\/\",\"name\":\"Ajinomoto Frozen\",\"description\":\"Des sp\u00e9cialit\u00e9s surgel\u00e9es uniques des gastronomies fran\u00e7aise et japonaise\",\"publisher\":{\"@id\":\"https:\\\/\\\/www.ajinomoto-frozenfoods.eu\\\/#organization\"},\"potentialAction\":[{\"@type\":\"SearchAction\",\"target\":{\"@type\":\"EntryPoint\",\"urlTemplate\":\"https:\\\/\\\/www.ajinomoto-frozenfoods.eu\\\/?s={search_term_string}\"},\"query-input\":{\"@type\":\"PropertyValueSpecification\",\"valueRequired\":true,\"valueName\":\"search_term_string\"}}],\"inLanguage\":\"en-US\"},{\"@type\":\"Organization\",\"@id\":\"https:\\\/\\\/www.ajinomoto-frozenfoods.eu\\\/#organization\",\"name\":\"Ajinomoto Frozen\",\"url\":\"https:\\\/\\\/www.ajinomoto-frozenfoods.eu\\\/\",\"logo\":{\"@type\":\"ImageObject\",\"inLanguage\":\"en-US\",\"@id\":\"https:\\\/\\\/www.ajinomoto-frozenfoods.eu\\\/#\\\/schema\\\/logo\\\/image\\\/\",\"url\":\"https:\\\/\\\/www.ajinomoto-frozenfoods.eu\\\/wp-content\\\/uploads\\\/2025\\\/10\\\/logo-ajinomoto-full.svg\",\"contentUrl\":\"https:\\\/\\\/www.ajinomoto-frozenfoods.eu\\\/wp-content\\\/uploads\\\/2025\\\/10\\\/logo-ajinomoto-full.svg\",\"width\":1,\"height\":1,\"caption\":\"Ajinomoto Frozen\"},\"image\":{\"@id\":\"https:\\\/\\\/www.ajinomoto-frozenfoods.eu\\\/#\\\/schema\\\/logo\\\/image\\\/\"}}]}<\/script>\n<!-- \/ Yoast SEO plugin. -->","yoast_head_json":{"title":"Site-map - Ajinomoto Frozen Foods Europe","description":"Consult the Ajinomoto site-map to easily find all pages and information about our products and services.","robots":{"index":"index","follow":"follow","max-snippet":"max-snippet:-1","max-image-preview":"max-image-preview:large","max-video-preview":"max-video-preview:-1"},"canonical":"https:\/\/www.ajinomoto-frozenfoods.eu\/en\/site-map\/","og_locale":"en_US","og_type":"article","og_title":"Site-map - Ajinomoto Frozen Foods Europe","og_description":"Consult the Ajinomoto site-map to easily find all pages and information about our products and services.","og_url":"https:\/\/www.ajinomoto-frozenfoods.eu\/en\/site-map\/","og_site_name":"Ajinomoto Frozen Foods Europe","article_modified_time":"2026-02-02T08:37:43+00:00","twitter_card":"summary_large_image","schema":{"@context":"https:\/\/schema.org","@graph":[{"@type":"WebPage","@id":"https:\/\/www.ajinomoto-frozenfoods.eu\/en\/site-map\/","url":"https:\/\/www.ajinomoto-frozenfoods.eu\/en\/site-map\/","name":"Site-map - Ajinomoto Frozen Foods Europe","isPartOf":{"@id":"https:\/\/www.ajinomoto-frozenfoods.eu\/#website"},"datePublished":"2025-11-12T10:51:35+00:00","dateModified":"2026-02-02T08:37:43+00:00","description":"Consult the Ajinomoto site-map to easily find all pages and information about our products and services.","breadcrumb":{"@id":"https:\/\/www.ajinomoto-frozenfoods.eu\/en\/site-map\/#breadcrumb"},"inLanguage":"en-US","potentialAction":[{"@type":"ReadAction","target":["https:\/\/www.ajinomoto-frozenfoods.eu\/en\/site-map\/"]}]},{"@type":"WebSite","@id":"https:\/\/www.ajinomoto-frozenfoods.eu\/#website","url":"https:\/\/www.ajinomoto-frozenfoods.eu\/","name":"Ajinomoto Frozen","description":"Des sp\u00e9cialit\u00e9s surgel\u00e9es uniques des gastronomies fran\u00e7aise et japonaise","publisher":{"@id":"https:\/\/www.ajinomoto-frozenfoods.eu\/#organization"},"potentialAction":[{"@type":"SearchAction","target":{"@type":"EntryPoint","urlTemplate":"https:\/\/www.ajinomoto-frozenfoods.eu\/?s={search_term_string}"},"query-input":{"@type":"PropertyValueSpecification","valueRequired":true,"valueName":"search_term_string"}}],"inLanguage":"en-US"},{"@type":"Organization","@id":"https:\/\/www.ajinomoto-frozenfoods.eu\/#organization","name":"Ajinomoto Frozen","url":"https:\/\/www.ajinomoto-frozenfoods.eu\/","logo":{"@type":"ImageObject","inLanguage":"en-US","@id":"https:\/\/www.ajinomoto-frozenfoods.eu\/#\/schema\/logo\/image\/","url":"https:\/\/www.ajinomoto-frozenfoods.eu\/wp-content\/uploads\/2025\/10\/logo-ajinomoto-full.svg","contentUrl":"https:\/\/www.ajinomoto-frozenfoods.eu\/wp-content\/uploads\/2025\/10\/logo-ajinomoto-full.svg","width":1,"height":1,"caption":"Ajinomoto Frozen"},"image":{"@id":"https:\/\/www.ajinomoto-frozenfoods.eu\/#\/schema\/logo\/image\/"}}]}},"_links":{"self":[{"href":"https:\/\/www.ajinomoto-frozenfoods.eu\/en\/wp-json\/wp\/v2\/pages\/1708","targetHints":{"allow":["GET"]}}],"collection":[{"href":"https:\/\/www.ajinomoto-frozenfoods.eu\/en\/wp-json\/wp\/v2\/pages"}],"about":[{"href":"https:\/\/www.ajinomoto-frozenfoods.eu\/en\/wp-json\/wp\/v2\/types\/page"}],"author":[{"embeddable":true,"href":"https:\/\/www.ajinomoto-frozenfoods.eu\/en\/wp-json\/wp\/v2\/users\/1"}],"replies":[{"embeddable":true,"href":"https:\/\/www.ajinomoto-frozenfoods.eu\/en\/wp-json\/wp\/v2\/comments?post=1708"}],"version-history":[{"count":2,"href":"https:\/\/www.ajinomoto-frozenfoods.eu\/en\/wp-json\/wp\/v2\/pages\/1708\/revisions"}],"predecessor-version":[{"id":1712,"href":"https:\/\/www.ajinomoto-frozenfoods.eu\/en\/wp-json\/wp\/v2\/pages\/1708\/revisions\/1712"}],"wp:attachment":[{"href":"https:\/\/www.ajinomoto-frozenfoods.eu\/en\/wp-json\/wp\/v2\/media?parent=1708"}],"curies":[{"name":"wp","href":"https:\/\/api.w.org\/{rel}","templated":true}]}}