{"id":1198,"date":"2025-10-30T17:00:22","date_gmt":"2025-10-30T16:00:22","guid":{"rendered":"https:\/\/www.ajinomoto-frozenfoods.eu\/accessibilite\/"},"modified":"2026-01-27T11:35:56","modified_gmt":"2026-01-27T10:35:56","slug":"accessibility","status":"publish","type":"page","link":"https:\/\/www.ajinomoto-frozenfoods.eu\/en\/accessibility\/","title":{"rendered":"Accessibility"},"content":{"rendered":"\n\n<section     class=\"block-editor\"\n        >\n    <div class=\"container\">\n        <div class=\"grid\">\n            <div class=\"grid_content\">\n                <div class=\"editor\"><section class=\"c-heading-01 container--narrow \">\n<h1 class=\"c-heading-01__title\">Accessibility<\/h1>\n<\/section>\n<div class=\"container--narrow\">\n<div class=\"c-text\">\n<p>The Ajinomoto Group is committed to transparency of information and communication. We have endeavored to design and build this site so that it is accessible on any device, in accordance with Level AA success criteria as described in the\u00a0<a href=\"https:\/\/www.w3.org\/WAI\/\" target=\"_blank\" rel=\"noopener\">World Wide Web Consortium\u2019s (W3C)<\/a>\u00a0Web Accessibility Initiative Guidelines (WAIG).<\/p>\n<p>We will continue to ensure that our website remains compliant with WAIG Level AA success criteria. If for any reason you experience problems accessing content on the site, please contact us.<\/p>\n<\/div>\n<h2 id=\"cf_block_1_cf_heading_txt\" class=\"c-heading-02\">Changing the settings on your device<\/h2>\n<div class=\"c-text\">\n<p>By changing the settings on your computer, smartphone, or tablet, you can customize the way you experience our website to better suit your needs. For example, you can change the font size (see below).<\/p>\n<p>For more information on how to change the accessibility settings on your computer, smartphone, or tablet, please visit\u00a0<a href=\"https:\/\/mcmw.abilitynet.org.uk\/\" target=\"_blank\" rel=\"noopener\">https:\/\/mcmw.abilitynet.org.uk<\/a>.<\/p>\n<\/div>\n<h2 id=\"cf_block_3_cf_heading_txt\" class=\"c-heading-02\">Font size<\/h2>\n<div class=\"c-text\">\n<p>Windows<\/p>\n<\/div>\n<ul class=\"p-list--circle\">\n<li class=\"p-list__item\">To increase the font size, hold down the Control key and press +<\/li>\n<li class=\"p-list__item\">To decrease the font size, hold down the Control key and press \u2013<\/li>\n<li class=\"p-list__item\">To return the font size to normal, hold down Control and press 0<\/li>\n<\/ul>\n<div class=\"c-text\">\n<p>Mac<\/p>\n<\/div>\n<ul class=\"p-list--circle\">\n<li class=\"p-list__item\">To increase the font size, hold down the Command key and press +<\/li>\n<li class=\"p-list__item\">To decrease the font size, hold down the Command key and press \u2013<\/li>\n<li class=\"p-list__item\">To return the font size to normal, hold down the Command key and press 0<\/li>\n<\/ul>\n<h2 id=\"cf_block_8_cf_heading_txt\" class=\"c-heading-02\">JavaScript<\/h2>\n<div class=\"c-text\">\n<p>JavaScript is a programming language that enables the interactive features of this website to work as intended. To experience our site fully, make sure JavaScript is enabled in your browser\u2019s settings.<\/p>\n<p>Most browsers already have JavaScript enabled. However, if for some reason JavaScript is disabled for your browser, you can change the settings to enable JavaScript. To find out how, go to your browser company\u2019s website and search for \u201cEnable JavaScript.\u201d<\/p>\n<\/div>\n<\/div>\n<\/div>\n            <\/div>\n        <\/div>\n    <\/div>\n<\/section>","protected":false},"excerpt":{"rendered":"","protected":false},"author":1,"featured_media":0,"parent":0,"menu_order":0,"comment_status":"closed","ping_status":"closed","template":"","meta":{"_acf_changed":false,"footnotes":""},"class_list":["post-1198","page","type-page","status-publish","hentry"],"acf":[],"yoast_head":"<!-- This site is optimized with the Yoast SEO plugin v27.5 - https:\/\/yoast.com\/product\/yoast-seo-wordpress\/ -->\n<title>Accessibility - Ajinomoto Frozen Foods Europe<\/title>\n<meta name=\"description\" content=\"Learn how our website ensures accessibility for all users through clear standards, inclusive design, and commitment to equal access.\" \/>\n<meta name=\"robots\" content=\"index, follow, max-snippet:-1, max-image-preview:large, max-video-preview:-1\" \/>\n<link rel=\"canonical\" href=\"https:\/\/www.ajinomoto-frozenfoods.eu\/en\/accessibility\/\" \/>\n<meta property=\"og:locale\" content=\"en_US\" \/>\n<meta property=\"og:type\" content=\"article\" \/>\n<meta property=\"og:title\" content=\"Accessibility - Ajinomoto Frozen Foods Europe\" \/>\n<meta property=\"og:description\" content=\"Learn how our website ensures accessibility for all users through clear standards, inclusive design, and commitment to equal access.\" \/>\n<meta property=\"og:url\" content=\"https:\/\/www.ajinomoto-frozenfoods.eu\/en\/accessibility\/\" \/>\n<meta property=\"og:site_name\" content=\"Ajinomoto Frozen Foods Europe\" \/>\n<meta property=\"article:modified_time\" content=\"2026-01-27T10:35:56+00:00\" \/>\n<meta name=\"twitter:card\" content=\"summary_large_image\" \/>\n<script type=\"application\/ld+json\" class=\"yoast-schema-graph\">{\"@context\":\"https:\\\/\\\/schema.org\",\"@graph\":[{\"@type\":\"WebPage\",\"@id\":\"https:\\\/\\\/www.ajinomoto-frozenfoods.eu\\\/en\\\/accessibility\\\/\",\"url\":\"https:\\\/\\\/www.ajinomoto-frozenfoods.eu\\\/en\\\/accessibility\\\/\",\"name\":\"Accessibility - Ajinomoto Frozen Foods Europe\",\"isPartOf\":{\"@id\":\"https:\\\/\\\/www.ajinomoto-frozenfoods.eu\\\/#website\"},\"datePublished\":\"2025-10-30T16:00:22+00:00\",\"dateModified\":\"2026-01-27T10:35:56+00:00\",\"description\":\"Learn how our website ensures accessibility for all users through clear standards, inclusive design, and commitment to equal access.\",\"breadcrumb\":{\"@id\":\"https:\\\/\\\/www.ajinomoto-frozenfoods.eu\\\/en\\\/accessibility\\\/#breadcrumb\"},\"inLanguage\":\"en-US\",\"potentialAction\":[{\"@type\":\"ReadAction\",\"target\":[\"https:\\\/\\\/www.ajinomoto-frozenfoods.eu\\\/en\\\/accessibility\\\/\"]}]},{\"@type\":\"WebSite\",\"@id\":\"https:\\\/\\\/www.ajinomoto-frozenfoods.eu\\\/#website\",\"url\":\"https:\\\/\\\/www.ajinomoto-frozenfoods.eu\\\/\",\"name\":\"Ajinomoto Frozen\",\"description\":\"Des sp\u00e9cialit\u00e9s surgel\u00e9es uniques des gastronomies fran\u00e7aise et japonaise\",\"publisher\":{\"@id\":\"https:\\\/\\\/www.ajinomoto-frozenfoods.eu\\\/#organization\"},\"potentialAction\":[{\"@type\":\"SearchAction\",\"target\":{\"@type\":\"EntryPoint\",\"urlTemplate\":\"https:\\\/\\\/www.ajinomoto-frozenfoods.eu\\\/?s={search_term_string}\"},\"query-input\":{\"@type\":\"PropertyValueSpecification\",\"valueRequired\":true,\"valueName\":\"search_term_string\"}}],\"inLanguage\":\"en-US\"},{\"@type\":\"Organization\",\"@id\":\"https:\\\/\\\/www.ajinomoto-frozenfoods.eu\\\/#organization\",\"name\":\"Ajinomoto Frozen\",\"url\":\"https:\\\/\\\/www.ajinomoto-frozenfoods.eu\\\/\",\"logo\":{\"@type\":\"ImageObject\",\"inLanguage\":\"en-US\",\"@id\":\"https:\\\/\\\/www.ajinomoto-frozenfoods.eu\\\/#\\\/schema\\\/logo\\\/image\\\/\",\"url\":\"https:\\\/\\\/www.ajinomoto-frozenfoods.eu\\\/wp-content\\\/uploads\\\/2025\\\/10\\\/logo-ajinomoto-full.svg\",\"contentUrl\":\"https:\\\/\\\/www.ajinomoto-frozenfoods.eu\\\/wp-content\\\/uploads\\\/2025\\\/10\\\/logo-ajinomoto-full.svg\",\"width\":1,\"height\":1,\"caption\":\"Ajinomoto Frozen\"},\"image\":{\"@id\":\"https:\\\/\\\/www.ajinomoto-frozenfoods.eu\\\/#\\\/schema\\\/logo\\\/image\\\/\"}}]}<\/script>\n<!-- \/ Yoast SEO plugin. -->","yoast_head_json":{"title":"Accessibility - Ajinomoto Frozen Foods Europe","description":"Learn how our website ensures accessibility for all users through clear standards, inclusive design, and commitment to equal access.","robots":{"index":"index","follow":"follow","max-snippet":"max-snippet:-1","max-image-preview":"max-image-preview:large","max-video-preview":"max-video-preview:-1"},"canonical":"https:\/\/www.ajinomoto-frozenfoods.eu\/en\/accessibility\/","og_locale":"en_US","og_type":"article","og_title":"Accessibility - Ajinomoto Frozen Foods Europe","og_description":"Learn how our website ensures accessibility for all users through clear standards, inclusive design, and commitment to equal access.","og_url":"https:\/\/www.ajinomoto-frozenfoods.eu\/en\/accessibility\/","og_site_name":"Ajinomoto Frozen Foods Europe","article_modified_time":"2026-01-27T10:35:56+00:00","twitter_card":"summary_large_image","schema":{"@context":"https:\/\/schema.org","@graph":[{"@type":"WebPage","@id":"https:\/\/www.ajinomoto-frozenfoods.eu\/en\/accessibility\/","url":"https:\/\/www.ajinomoto-frozenfoods.eu\/en\/accessibility\/","name":"Accessibility - Ajinomoto Frozen Foods Europe","isPartOf":{"@id":"https:\/\/www.ajinomoto-frozenfoods.eu\/#website"},"datePublished":"2025-10-30T16:00:22+00:00","dateModified":"2026-01-27T10:35:56+00:00","description":"Learn how our website ensures accessibility for all users through clear standards, inclusive design, and commitment to equal access.","breadcrumb":{"@id":"https:\/\/www.ajinomoto-frozenfoods.eu\/en\/accessibility\/#breadcrumb"},"inLanguage":"en-US","potentialAction":[{"@type":"ReadAction","target":["https:\/\/www.ajinomoto-frozenfoods.eu\/en\/accessibility\/"]}]},{"@type":"WebSite","@id":"https:\/\/www.ajinomoto-frozenfoods.eu\/#website","url":"https:\/\/www.ajinomoto-frozenfoods.eu\/","name":"Ajinomoto Frozen","description":"Des sp\u00e9cialit\u00e9s surgel\u00e9es uniques des gastronomies fran\u00e7aise et japonaise","publisher":{"@id":"https:\/\/www.ajinomoto-frozenfoods.eu\/#organization"},"potentialAction":[{"@type":"SearchAction","target":{"@type":"EntryPoint","urlTemplate":"https:\/\/www.ajinomoto-frozenfoods.eu\/?s={search_term_string}"},"query-input":{"@type":"PropertyValueSpecification","valueRequired":true,"valueName":"search_term_string"}}],"inLanguage":"en-US"},{"@type":"Organization","@id":"https:\/\/www.ajinomoto-frozenfoods.eu\/#organization","name":"Ajinomoto Frozen","url":"https:\/\/www.ajinomoto-frozenfoods.eu\/","logo":{"@type":"ImageObject","inLanguage":"en-US","@id":"https:\/\/www.ajinomoto-frozenfoods.eu\/#\/schema\/logo\/image\/","url":"https:\/\/www.ajinomoto-frozenfoods.eu\/wp-content\/uploads\/2025\/10\/logo-ajinomoto-full.svg","contentUrl":"https:\/\/www.ajinomoto-frozenfoods.eu\/wp-content\/uploads\/2025\/10\/logo-ajinomoto-full.svg","width":1,"height":1,"caption":"Ajinomoto Frozen"},"image":{"@id":"https:\/\/www.ajinomoto-frozenfoods.eu\/#\/schema\/logo\/image\/"}}]}},"_links":{"self":[{"href":"https:\/\/www.ajinomoto-frozenfoods.eu\/en\/wp-json\/wp\/v2\/pages\/1198","targetHints":{"allow":["GET"]}}],"collection":[{"href":"https:\/\/www.ajinomoto-frozenfoods.eu\/en\/wp-json\/wp\/v2\/pages"}],"about":[{"href":"https:\/\/www.ajinomoto-frozenfoods.eu\/en\/wp-json\/wp\/v2\/types\/page"}],"author":[{"embeddable":true,"href":"https:\/\/www.ajinomoto-frozenfoods.eu\/en\/wp-json\/wp\/v2\/users\/1"}],"replies":[{"embeddable":true,"href":"https:\/\/www.ajinomoto-frozenfoods.eu\/en\/wp-json\/wp\/v2\/comments?post=1198"}],"version-history":[{"count":2,"href":"https:\/\/www.ajinomoto-frozenfoods.eu\/en\/wp-json\/wp\/v2\/pages\/1198\/revisions"}],"predecessor-version":[{"id":1750,"href":"https:\/\/www.ajinomoto-frozenfoods.eu\/en\/wp-json\/wp\/v2\/pages\/1198\/revisions\/1750"}],"wp:attachment":[{"href":"https:\/\/www.ajinomoto-frozenfoods.eu\/en\/wp-json\/wp\/v2\/media?parent=1198"}],"curies":[{"name":"wp","href":"https:\/\/api.w.org\/{rel}","templated":true}]}}